{"id":104,"date":"2018-11-05T07:26:54","date_gmt":"2018-11-05T07:26:54","guid":{"rendered":"https:\/\/kooperation2020.jonasmelcherson.com\/sample-page-2\/"},"modified":"2021-03-17T08:47:51","modified_gmt":"2021-03-17T08:47:51","slug":"detta-ar-kf","status":"publish","type":"page","link":"https:\/\/kf.se\/arsredovisning2020\/detta-ar-kf\/","title":{"rendered":"Detta \u00e4r KF"},"content":{"rendered":"\t\t<div data-elementor-type=\"wp-page\" data-elementor-id=\"104\" class=\"elementor elementor-104\" data-elementor-settings=\"[]\">\n\t\t\t\t\t\t<div class=\"elementor-inner\">\n\t\t\t\t\t\t\t<div class=\"elementor-section-wrap\">\n\t\t\t\t\t\t\t<section class=\"elementor-section elementor-top-section elementor-element elementor-element-392fc4f5 elementor-section-stretched elementor-section-height-full elementor-section-boxed elementor-section-height-default elementor-section-items-middle\" data-id=\"392fc4f5\" data-element_type=\"section\" data-settings=\"{&quot;stretch_section&quot;:&quot;section-stretched&quot;,&quot;background_background&quot;:&quot;classic&quot;}\">\n\t\t\t\t\t\t<div class=\"elementor-container elementor-column-gap-default\">\n\t\t\t\t\t\t\t<div class=\"elementor-row\">\n\t\t\t\t\t<div class=\"aux-parallax-section elementor-column elementor-col-100 elementor-top-column elementor-element elementor-element-70d090d3\" data-id=\"70d090d3\" data-element_type=\"column\" data-settings=\"{&quot;background_background&quot;:&quot;classic&quot;}\">\n\t\t\t<div class=\"elementor-column-wrap elementor-element-populated\">\n\t\t\t\t\t\t\t<div class=\"elementor-widget-wrap\">\n\t\t\t\t\t\t<div class=\"elementor-element elementor-element-ffcbcbd elementor-widget elementor-widget-image\" data-id=\"ffcbcbd\" data-element_type=\"widget\" data-widget_type=\"image.default\">\n\t\t\t\t<div class=\"elementor-widget-container\">\n\t\t\t\t\t<div class=\"elementor-image\">\n\t\t\t\t\t\t\t\t\t\t<img src=\"https:\/\/kf.se\/arsredovisning2020\/wp-content\/uploads\/elementor\/thumbs\/tejp-p43v8spez0oqr50mn2fx2rl774taxu6uoipjx7ezhw.png\" title=\"tejp\" alt=\"tejp\" \/>\t\t\t\t\t\t\t\t\t\t\t<\/div>\n\t\t\t\t<\/div>\n\t\t\t\t<\/div>\n\t\t\t\t<div class=\"elementor-element elementor-element-29b57c9 elementor-widget elementor-widget-heading\" data-id=\"29b57c9\" data-element_type=\"widget\" data-widget_type=\"heading.default\">\n\t\t\t\t<div class=\"elementor-widget-container\">\n\t\t\t<h1 class=\"elementor-heading-title elementor-size-default\">Detta \u00e4r KF<\/h1>\t\t<\/div>\n\t\t\t\t<\/div>\n\t\t\t\t<div class=\"elementor-element elementor-element-f694244 elementor-widget-divider--view-line elementor-widget elementor-widget-divider\" data-id=\"f694244\" data-element_type=\"widget\" data-widget_type=\"divider.default\">\n\t\t\t\t<div class=\"elementor-widget-container\">\n\t\t\t\t\t<div class=\"elementor-divider\">\n\t\t\t<span class=\"elementor-divider-separator\">\n\t\t\t\t\t\t<\/span>\n\t\t<\/div>\n\t\t\t\t<\/div>\n\t\t\t\t<\/div>\n\t\t\t\t<div class=\"elementor-element elementor-element-c8c5b60 elementor-widget elementor-widget-heading\" data-id=\"c8c5b60\" data-element_type=\"widget\" data-widget_type=\"heading.default\">\n\t\t\t\t<div class=\"elementor-widget-container\">\n\t\t\t<h4 class=\"elementor-heading-title elementor-size-default\">Verksamheten \u00e4r i huvudsak indelad i sju omr\u00e5den<\/h4>\t\t<\/div>\n\t\t\t\t<\/div>\n\t\t\t\t<div class=\"elementor-element elementor-element-4bcbb17a fakta elementor-widget elementor-widget-text-editor\" data-id=\"4bcbb17a\" data-element_type=\"widget\" data-widget_type=\"text-editor.default\">\n\t\t\t\t<div class=\"elementor-widget-container\">\n\t\t\t\t\t<div class=\"elementor-text-editor elementor-clearfix\"><p>\u2022 <strong>Coop Sverige<\/strong>\u00a0ansvarar f\u00f6r utveckling och ink\u00f6p av varusortimentet, logistik, marknadsf\u00f6ring samt aff\u00e4rsst\u00f6d till Sveriges totalt 694 Coopbutiker (per 31 december 2019).<\/p><p>\u2022 <strong>MedMera Bank<\/strong> tillhandah\u00e5ller spar- och l\u00e5neprodukter till privatpersoner.<\/p><p>\u2022 <strong>KF Fastigheter<\/strong>\u00a0utvecklar, f\u00f6r\u00e4dlar och avyttrar fastigheter. Syftet med verksamheten \u00e4r att skapa v\u00e4rde f\u00f6r \u00e4gare, hyresg\u00e4ster och samh\u00e4llet i stort.<\/p><p>\u2022 <strong>Vi Media<\/strong><span class=\"Apple-converted-space\">\u00a0<\/span>producerar och ger ut Vi och Vi L\u00e4ser. Bolaget har dessutom en kund-<br \/>tidningsverksamhet och en reseklubb.<\/p><p>\u2022 <strong>V\u00e5r G\u00e5rd<\/strong> Saltsj\u00f6baden \u00e4r konsumentkooperationens m\u00f6tesplats och erbjuder <br \/>konferensl\u00f6sningar f\u00f6r f\u00f6retag, myndigheter och organisationer samt olika koncept riktade till privatg\u00e4ster.<\/p><p>\u2022 <strong>Coop Butiker &amp; Stormarknader AB<\/strong> \u00e4gs av Kooperativa F\u00f6rbundet (KF) och Konsumentf\u00f6reningen Stockholm (KfS). Bolaget driver 250 Coopbutiker i s\u00f6dra, syd\u00f6stra och mellersta Sverige (per 31 december 2019).<\/p><\/div>\n\t\t\t\t<\/div>\n\t\t\t\t<\/div>\n\t\t\t\t\t\t<\/div>\n\t\t\t\t\t<\/div>\n\t\t<\/div>\n\t\t\t\t\t\t\t\t<\/div>\n\t\t\t\t\t<\/div>\n\t\t<\/section>\n\t\t\t\t\t\t<\/div>\n\t\t\t\t\t\t<\/div>\n\t\t\t\t\t<\/div>\n\t\t","protected":false},"excerpt":{"rendered":"<p>Detta \u00e4r KF Verksamheten \u00e4r i huvudsak indelad i sju omr\u00e5den \u2022 Coop Sverige\u00a0ansvarar f\u00f6r utveckling och ink\u00f6p av varusortimentet, logistik, marknadsf\u00f6ring samt aff\u00e4rsst\u00f6d till Sveriges totalt 694 Coopbutiker (per 31 december 2019). \u2022 MedMera Bank tillhandah\u00e5ller spar- och l\u00e5neprodukter till privatpersoner. \u2022 KF Fastigheter\u00a0utvecklar, f\u00f6r\u00e4dlar och avyttrar fastigheter. Syftet med verksamheten \u00e4r att skapa [&hellip;]<\/p>\n","protected":false},"author":1,"featured_media":0,"parent":0,"menu_order":0,"comment_status":"closed","ping_status":"closed","template":"elementor_header_footer","meta":[],"_links":{"self":[{"href":"https:\/\/kf.se\/arsredovisning2020\/wp-json\/wp\/v2\/pages\/104"}],"collection":[{"href":"https:\/\/kf.se\/arsredovisning2020\/wp-json\/wp\/v2\/pages"}],"about":[{"href":"https:\/\/kf.se\/arsredovisning2020\/wp-json\/wp\/v2\/types\/page"}],"author":[{"embeddable":true,"href":"https:\/\/kf.se\/arsredovisning2020\/wp-json\/wp\/v2\/users\/1"}],"replies":[{"embeddable":true,"href":"https:\/\/kf.se\/arsredovisning2020\/wp-json\/wp\/v2\/comments?post=104"}],"version-history":[{"count":45,"href":"https:\/\/kf.se\/arsredovisning2020\/wp-json\/wp\/v2\/pages\/104\/revisions"}],"predecessor-version":[{"id":10040,"href":"https:\/\/kf.se\/arsredovisning2020\/wp-json\/wp\/v2\/pages\/104\/revisions\/10040"}],"wp:attachment":[{"href":"https:\/\/kf.se\/arsredovisning2020\/wp-json\/wp\/v2\/media?parent=104"}],"curies":[{"name":"wp","href":"https:\/\/api.w.org\/{rel}","templated":true}]}}